{"id":12879,"date":"2018-10-15T00:19:21","date_gmt":"2018-10-14T22:19:21","guid":{"rendered":"http:\/\/peinturespms.com\/?page_id=12879"},"modified":"2019-05-05T22:20:40","modified_gmt":"2019-05-05T20:20:40","slug":"windows-doors-pvc-products","status":"publish","type":"page","link":"https:\/\/peinturespms.com\/en\/windows-doors-pvc-products\/","title":{"rendered":"Windows &#038; Doors PVC products"},"content":{"rendered":"<div  class='avia-slideshow av-av_slideshow-abd5978f30a1b35edbcfc6fe0fe814e8 avia-slideshow-featured av_slideshow avia-slide-slider  avia-builder-el-0  el_before_av_hr  avia-builder-el-first  av-slideshow-ui av-control-default av-slideshow-manual av-loop-once av-loop-manual-endless av-default-height-applied avia-slideshow-1' data-slideshow-options=\"{&quot;animation&quot;:&quot;slide&quot;,&quot;autoplay&quot;:false,&quot;loop_autoplay&quot;:&quot;once&quot;,&quot;interval&quot;:5,&quot;loop_manual&quot;:&quot;manual-endless&quot;,&quot;autoplay_stopper&quot;:false,&quot;noNavigation&quot;:false,&quot;bg_slider&quot;:false,&quot;keep_padding&quot;:false,&quot;hoverpause&quot;:false,&quot;show_slide_delay&quot;:0}\"  itemprop=\"image\" itemscope=\"itemscope\" itemtype=\"https:\/\/schema.org\/ImageObject\" ><ul class='avia-slideshow-inner ' style='padding-bottom: 25%;'><li  class='avia-slideshow-slide av-av_slideshow-abd5978f30a1b35edbcfc6fe0fe814e8__0  av-single-slide slide-1 slide-odd'><div data-rel='slideshow-1' class='avia-slide-wrap '   ><img fetchpriority=\"high\" class=\"wp-image-12880 avia-img-lazy-loading-not-12880\"  src='https:\/\/peinturespms.com\/wp-content\/uploads\/2018\/10\/slidehow-image-01-windows-doors-pvc.jpg' width='1200' height='300' title='slidehow-image-01-windows-doors-pvc' alt=''  itemprop=\"thumbnailUrl\"   \/><\/div><\/li><\/ul><\/div>\n\n<style type=\"text\/css\" data-created_by=\"avia_inline_auto\" id=\"style-css-av-av_hr-fbebcb4fe7f7f93a621d8b6783460008\">\n#top .hr.hr-invisible.av-av_hr-fbebcb4fe7f7f93a621d8b6783460008{\nheight:30px;\n}\n<\/style>\n<div  class='hr av-av_hr-fbebcb4fe7f7f93a621d8b6783460008 hr-invisible  avia-builder-el-1  el_after_av_slideshow  el_before_av_textblock '><span class='hr-inner '><span class=\"hr-inner-style\"><\/span><\/span><\/div>\n<section  class='av_textblock_section av-av_textblock-2de302bf1aa3cf4c9157dbe6f50ac7eb '   itemscope=\"itemscope\" itemtype=\"https:\/\/schema.org\/CreativeWork\" ><div class='avia_textblock'  itemprop=\"text\" ><table width=\"567\">\n<tbody>\n<tr>\n<td width=\"121\"><strong>\u00a0<\/strong><\/td>\n<td width=\"12\"><strong>\u00a0<\/strong><\/td>\n<td width=\"12\"><strong>\u00a0<\/strong><\/td>\n<td colspan=\"2\" width=\"421\"><strong>Zowo-plast<sup>\u00ae<\/sup> <\/strong>Product Overview<\/td>\n<\/tr>\n<tr>\n<td width=\"121\"><strong>Cleaner<\/strong><\/td>\n<td width=\"12\"><strong>\u00a0<\/strong><\/td>\n<td width=\"12\"><strong>\u00a0<\/strong><\/td>\n<td width=\"155\"><strong>Zowo-plast<sup>\u00ae<\/sup> <\/strong>1120<\/p>\n<p>Hydro-Cleaner<\/td>\n<td width=\"266\">&#8211; Water-based, biodegradable cleaner<\/p>\n<p>&#8211; Ideal surface pre-treatment before coating with Zowo-plast<sup>\u00ae<\/sup><\/p>\n<p>&#8211; Excellent cleaning power<\/p>\n<p>&#8211; Improves adhesion and is anti-static<\/td>\n<\/tr>\n<\/tbody>\n<\/table>\n<table width=\"567\">\n<tbody>\n<tr>\n<td rowspan=\"2\" width=\"121\"><strong>Solid Color Tones<\/strong><\/td>\n<td width=\"12\"><strong>\u00a0<\/strong><\/td>\n<td width=\"12\"><strong>\u00a0<\/strong><\/td>\n<td width=\"155\">\n<p style=\"text-align: left;\"><strong>Zowo-plast<sup>\u00ae<\/sup><\/strong>2450<\/p>\n<p style=\"text-align: left;\">1C-PUR PVC single-layer coating<\/p>\n<p style=\"text-align: left;\"><strong> <img loading=\"lazy\" decoding=\"async\" class=\"size-full wp-image-12785 alignleft\" src=\"http:\/\/peinturespms.com\/wp-content\/uploads\/2018\/10\/icon-pistolet.png\" alt=\"\" width=\"60\" height=\"60\" srcset=\"https:\/\/peinturespms.com\/wp-content\/uploads\/2018\/10\/icon-pistolet.png 60w, https:\/\/peinturespms.com\/wp-content\/uploads\/2018\/10\/icon-pistolet-36x36.png 36w\" sizes=\"auto, (max-width: 60px) 100vw, 60px\" \/><img loading=\"lazy\" decoding=\"async\" class=\"alignleft wp-image-13165\" src=\"http:\/\/peinturespms.com\/wp-content\/uploads\/2019\/04\/vac-icon.png\" alt=\"\" width=\"57\" height=\"58\" srcset=\"https:\/\/peinturespms.com\/wp-content\/uploads\/2019\/04\/vac-icon.png 42w, https:\/\/peinturespms.com\/wp-content\/uploads\/2019\/04\/vac-icon-36x36.png 36w\" sizes=\"auto, (max-width: 57px) 100vw, 57px\" \/><\/strong><\/p>\n<p style=\"text-align: left;\"><strong>\u00a0<\/strong><\/p>\n<p style=\"text-align: left;\"><strong>\u00a0<\/strong><\/p>\n<p style=\"text-align: left;\"><strong>\u00a0<\/strong><\/p>\n<\/td>\n<td width=\"266\">&#8211; Extensive range of solid colour tones<\/p>\n<p>&#8211; Polyurethane system for highest resistance<\/p>\n<p>&#8211; One base for all colour tones<\/p>\n<p>&#8211; Integrated in the ZOBEL colour mixing system<\/td>\n<\/tr>\n<tr>\n<td width=\"12\"><strong>\u00a0<\/strong><\/td>\n<td width=\"12\"><strong>\u00a0<\/strong><\/td>\n<td width=\"155\"><strong>Zowo-plast<sup>\u00ae <\/sup><\/strong>2490<\/p>\n<p>Laque monocouche 1C-PUR-PVC structur\u00e9e<\/p>\n<p style=\"text-align: left;\"><strong> <img loading=\"lazy\" decoding=\"async\" class=\"size-full wp-image-12785 alignleft\" src=\"http:\/\/peinturespms.com\/wp-content\/uploads\/2018\/10\/icon-pistolet.png\" alt=\"\" width=\"60\" height=\"60\" srcset=\"https:\/\/peinturespms.com\/wp-content\/uploads\/2018\/10\/icon-pistolet.png 60w, https:\/\/peinturespms.com\/wp-content\/uploads\/2018\/10\/icon-pistolet-36x36.png 36w\" sizes=\"auto, (max-width: 60px) 100vw, 60px\" \/><img loading=\"lazy\" decoding=\"async\" class=\"alignleft wp-image-13165\" src=\"http:\/\/peinturespms.com\/wp-content\/uploads\/2019\/04\/vac-icon.png\" alt=\"\" width=\"57\" height=\"58\" srcset=\"https:\/\/peinturespms.com\/wp-content\/uploads\/2019\/04\/vac-icon.png 42w, https:\/\/peinturespms.com\/wp-content\/uploads\/2019\/04\/vac-icon-36x36.png 36w\" sizes=\"auto, (max-width: 57px) 100vw, 57px\" \/><\/strong><\/p>\n<\/td>\n<td width=\"266\">&#8211; Extensive range of colour tones with relief-type texture<\/p>\n<p>&#8211; Polyurethane system for highest resistance<\/p>\n<p>&#8211; Available with fine or coarse texture<\/p>\n<p>&#8211; Integrated in the ZOBEL colour mixing system<\/td>\n<\/tr>\n<\/tbody>\n<\/table>\n<table width=\"567\">\n<tbody>\n<tr>\n<td width=\"121\"><strong>Metallic Colour Tones<br \/>\n<\/strong><\/td>\n<td width=\"12\"><strong>\u00a0<\/strong><\/td>\n<td width=\"12\"><strong>\u00a0<\/strong><\/td>\n<td width=\"155\"><strong>Zowo-plast<sup>\u00ae <\/sup><\/strong>2480<\/p>\n<p>1C-PUR-PVC Metallic single-layer coating<\/p>\n<p style=\"text-align: left;\"><strong> <img loading=\"lazy\" decoding=\"async\" class=\"size-full wp-image-12785 alignleft\" src=\"http:\/\/peinturespms.com\/wp-content\/uploads\/2018\/10\/icon-pistolet.png\" alt=\"\" width=\"60\" height=\"60\" srcset=\"https:\/\/peinturespms.com\/wp-content\/uploads\/2018\/10\/icon-pistolet.png 60w, https:\/\/peinturespms.com\/wp-content\/uploads\/2018\/10\/icon-pistolet-36x36.png 36w\" sizes=\"auto, (max-width: 60px) 100vw, 60px\" \/><img loading=\"lazy\" decoding=\"async\" class=\"alignleft wp-image-13165\" src=\"http:\/\/peinturespms.com\/wp-content\/uploads\/2019\/04\/vac-icon.png\" alt=\"\" width=\"57\" height=\"58\" srcset=\"https:\/\/peinturespms.com\/wp-content\/uploads\/2019\/04\/vac-icon.png 42w, https:\/\/peinturespms.com\/wp-content\/uploads\/2019\/04\/vac-icon-36x36.png 36w\" sizes=\"auto, (max-width: 57px) 100vw, 57px\" \/><\/strong><\/p>\n<p><strong>\u00a0<\/strong><\/p>\n<p><strong>\u00a0<\/strong><\/td>\n<td width=\"266\">&#8211; gamme \u00e9tendue de tons avec effet m\u00e9tallique lumineux<\/p>\n<p>&#8211; syst\u00e8me polyur\u00e9thane pour une r\u00e9sistance maximale<\/p>\n<p>&#8211; m\u00eame base pour tous les tons<\/p>\n<p>&#8211; int\u00e9gr\u00e9 au syst\u00e8me de m\u00e9lange de couleur ZOBEL<\/td>\n<\/tr>\n<\/tbody>\n<\/table>\n<table width=\"567\">\n<tbody>\n<tr>\n<td width=\"121\"><strong>Metallic Colour Tones<\/strong><\/td>\n<td width=\"12\"><strong>\u00a0<\/strong><\/td>\n<td width=\"12\"><strong>\u00a0<\/strong><\/td>\n<td width=\"155\"><strong>Zowo-plast<sup>\u00ae <\/sup><\/strong>2491<\/p>\n<p>1C-PUR-PVC Metallic single-layer textured coating<\/p>\n<p style=\"text-align: left;\"><strong> <img loading=\"lazy\" decoding=\"async\" class=\"size-full wp-image-12785 alignleft\" src=\"http:\/\/peinturespms.com\/wp-content\/uploads\/2018\/10\/icon-pistolet.png\" alt=\"\" width=\"60\" height=\"60\" srcset=\"https:\/\/peinturespms.com\/wp-content\/uploads\/2018\/10\/icon-pistolet.png 60w, https:\/\/peinturespms.com\/wp-content\/uploads\/2018\/10\/icon-pistolet-36x36.png 36w\" sizes=\"auto, (max-width: 60px) 100vw, 60px\" \/><img loading=\"lazy\" decoding=\"async\" class=\"alignleft wp-image-13165\" src=\"http:\/\/peinturespms.com\/wp-content\/uploads\/2019\/04\/vac-icon.png\" alt=\"\" width=\"57\" height=\"58\" srcset=\"https:\/\/peinturespms.com\/wp-content\/uploads\/2019\/04\/vac-icon.png 42w, https:\/\/peinturespms.com\/wp-content\/uploads\/2019\/04\/vac-icon-36x36.png 36w\" sizes=\"auto, (max-width: 57px) 100vw, 57px\" \/><\/strong><\/p>\n<\/td>\n<td width=\"266\">&#8211; Extensive range of solid colour tones with brilliant metallic effect and fine relief-type texture<\/p>\n<p>&#8211; Polyurethane system for highest resistance<\/p>\n<p>&#8211; One base for all colour tones<\/p>\n<p>&#8211; Integrated in the ZOBEL colour mixing system<\/td>\n<\/tr>\n<\/tbody>\n<\/table>\n<\/div><\/section>\n\n<style type=\"text\/css\" data-created_by=\"avia_inline_auto\" id=\"style-css-av-av_one_full-15d750bd1b332b34c6e70b077ebbccdf\">\n.flex_column.av-av_one_full-15d750bd1b332b34c6e70b077ebbccdf{\nborder-radius:0px 0px 0px 0px;\npadding:0px 0px 0px 0px;\n}\n<\/style>\n<div  class='flex_column av-av_one_full-15d750bd1b332b34c6e70b077ebbccdf av_one_full  avia-builder-el-3  el_after_av_textblock  el_before_av_hr  first flex_column_div av-zero-column-padding  column-top-margin'     ><div  class='avia-table av-av_table-5e8dca6f6373d6df8320a18f615115f7 main_color avia-pricing-table-container avia_pricing_default  avia-builder-el-4  avia-builder-el-no-sibling  avia-table-1'  itemscope=\"itemscope\" itemtype=\"https:\/\/schema.org\/Table\" ><div class=\"pricing-table-wrap\"><ul class='pricing-table '><li class='avia-heading-row'><div class='first-table-item'>BASIS<\/div><span class='pricing-extra'><\/span><\/li><li class=''>SOLVENT<\/li><li class=''>SOLVENT<\/li><li class=''>SOLVENT<\/li><li class=''>WATER<br \/><\/li><li class=''>WATER<\/li><li class=''>WATER<\/li><li class=''>WATER<\/li><li class=''>WATER<\/li><\/ul><\/div><div class=\"pricing-table-wrap\"><ul class='pricing-table '><li class='avia-heading-row'><div class='first-table-item'>PRODUCT<\/div><span class='pricing-extra'><\/span><\/li><li class=''>BINDER<\/li><li class=''>BINDER<\/li><li class=''>BASIS TINT<\/li><li class=''>BINDER<\/li><li class=''>BINDER<\/li><li class=''>BINDER<\/li><li class=''>BINDER<\/li><li class=''>BASIS TINT<\/li><\/ul><\/div><div class=\"pricing-table-wrap\"><ul class='pricing-table '><li class='avia-heading-row'><div class='first-table-item'>NUMBER<\/div><span class='pricing-extra'><\/span><\/li><li class=''>LE29282L12,8<\/li><li class=''>LE29282L3,2<\/li><li class=''>LE29511L1<\/li><li class=''>LEYD203L3,2<\/li><li class=''>LEYD204L3,2<\/li><li class=''>LEYD282L12,8<\/li><li class=''>LEYD282L3,2<\/li><li class=''>LEYD511L2,5<\/li><\/ul><\/div><div class=\"pricing-table-wrap\"><ul class='pricing-table '><li class='avia-heading-row'><div class='first-table-item'>DESCRIPTION<\/div><span class='pricing-extra'><\/span><\/li><li class=''>FRAMECOAT PVC<\/li><li class=''>FRAMECOAT PVC<\/li><li class=''>Military Black<\/li><li class=''>Hydroplast Gloss<\/li><li class=''>Hydroplast Matt<\/li><li class=''>Hydroframe Coat PVC<\/li><li class=''>Hydroframe Coat PVC<\/li><li class=''>Military Black<\/li><\/ul><\/div><\/div><\/div>\n\n<style type=\"text\/css\" data-created_by=\"avia_inline_auto\" id=\"style-css-av-av_hr-5d74ded74483867bcf4f6bb06a94fdee\">\n#top .hr.hr-invisible.av-av_hr-5d74ded74483867bcf4f6bb06a94fdee{\nheight:5px;\n}\n<\/style>\n<div  class='hr av-av_hr-5d74ded74483867bcf4f6bb06a94fdee hr-invisible  avia-builder-el-5  el_after_av_one_full  el_before_av_button_big  avia-builder-el-last '><span class='hr-inner '><span class=\"hr-inner-style\"><\/span><\/span><\/div>\n<div  class='avia-button-wrap avia-button-center  avia-builder-el-6  el_after_av_hr  avia-builder-el-last '>\n<style type=\"text\/css\" data-created_by=\"avia_inline_auto\" id=\"style-css-av-av_button_big-95f92904b578600c7cfd500d9add5bed\">\n#top #wrap_all .avia-button.av-av_button_big-95f92904b578600c7cfd500d9add5bed{\nbackground-color:#ee1c25;\nborder-color:#ee1c25;\ncolor:#ffffff;\ntransition:all 0.4s ease-in-out;\n}\n#top #wrap_all .avia-button.av-av_button_big-95f92904b578600c7cfd500d9add5bed:hover{\nbackground-color:#414143;\ncolor:#ffffff;\ntransition:all 0.4s ease-in-out;\n}\n#top #wrap_all .avia-button.av-av_button_big-95f92904b578600c7cfd500d9add5bed .avia-svg-icon svg:first-child{\nfill:#ffffff;\nstroke:#ffffff;\n}\n#top #wrap_all .avia-button.av-av_button_big-95f92904b578600c7cfd500d9add5bed:hover .avia-svg-icon svg:first-child{\nfill:#ffffff;\nstroke:#ffffff;\n}\n<\/style>\n<a href='https:\/\/peinturespms.com\/en\/about-us\/' class='avia-button avia-button-fullwidth av-av_button_big-95f92904b578600c7cfd500d9add5bed avia-icon_select-no avia-color-custom'   aria-label=\"For more information, contact us today!\"><span class='avia_iconbox_title' >For more information, contact us today!<\/span><\/a><\/div>\n","protected":false},"excerpt":{"rendered":"","protected":false},"author":6669,"featured_media":0,"parent":0,"menu_order":0,"comment_status":"closed","ping_status":"closed","template":"","meta":{"footnotes":""},"class_list":["post-12879","page","type-page","status-publish","hentry"],"yoast_head":"<!-- This site is optimized with the Yoast SEO plugin v27.3 - https:\/\/yoast.com\/product\/yoast-seo-wordpress\/ -->\n<title>Windows &amp; Doors PVC products - Peinture PMS<\/title>\n<meta name=\"description\" content=\"Windows &amp; Doors PVC products availabel at Peintures PMS in Quebec.\" \/>\n<meta name=\"robots\" content=\"index, follow, max-snippet:-1, max-image-preview:large, max-video-preview:-1\" \/>\n<link rel=\"canonical\" href=\"https:\/\/peinturespms.com\/portes-et-fenetres-produits-pour-le-pvc\/\" \/>\n<meta property=\"og:locale\" content=\"en_US\" \/>\n<meta property=\"og:type\" content=\"article\" \/>\n<meta property=\"og:title\" content=\"Windows &amp; Doors PVC products - Peinture PMS\" \/>\n<meta property=\"og:description\" content=\"Windows &amp; Doors PVC products availabel at Peintures PMS in Quebec.\" \/>\n<meta property=\"og:url\" content=\"https:\/\/peinturespms.com\/portes-et-fenetres-produits-pour-le-pvc\/\" \/>\n<meta property=\"og:site_name\" content=\"Peinture PMS\" \/>\n<meta property=\"article:modified_time\" content=\"2019-05-05T20:20:40+00:00\" \/>\n<meta property=\"og:image\" content=\"http:\/\/peinturespms.com\/wp-content\/uploads\/2018\/10\/icon-pistolet.png\" \/>\n<meta name=\"twitter:card\" content=\"summary_large_image\" \/>\n<meta name=\"twitter:label1\" content=\"Est. reading time\" \/>\n\t<meta name=\"twitter:data1\" content=\"4 minutes\" \/>\n<script type=\"application\/ld+json\" class=\"yoast-schema-graph\">{\"@context\":\"https:\\\/\\\/schema.org\",\"@graph\":[{\"@type\":\"WebPage\",\"@id\":\"https:\\\/\\\/peinturespms.com\\\/portes-et-fenetres-produits-pour-le-pvc\\\/\",\"url\":\"https:\\\/\\\/peinturespms.com\\\/portes-et-fenetres-produits-pour-le-pvc\\\/\",\"name\":\"Windows & Doors PVC products - Peinture PMS\",\"isPartOf\":{\"@id\":\"https:\\\/\\\/peinturespms.com\\\/#website\"},\"primaryImageOfPage\":{\"@id\":\"https:\\\/\\\/peinturespms.com\\\/portes-et-fenetres-produits-pour-le-pvc\\\/#primaryimage\"},\"image\":{\"@id\":\"https:\\\/\\\/peinturespms.com\\\/portes-et-fenetres-produits-pour-le-pvc\\\/#primaryimage\"},\"thumbnailUrl\":\"http:\\\/\\\/peinturespms.com\\\/wp-content\\\/uploads\\\/2018\\\/10\\\/icon-pistolet.png\",\"datePublished\":\"2018-10-14T22:19:21+00:00\",\"dateModified\":\"2019-05-05T20:20:40+00:00\",\"description\":\"Windows & Doors PVC products availabel at Peintures PMS in Quebec.\",\"breadcrumb\":{\"@id\":\"https:\\\/\\\/peinturespms.com\\\/portes-et-fenetres-produits-pour-le-pvc\\\/#breadcrumb\"},\"inLanguage\":\"en-US\",\"potentialAction\":[{\"@type\":\"ReadAction\",\"target\":[\"https:\\\/\\\/peinturespms.com\\\/portes-et-fenetres-produits-pour-le-pvc\\\/\"]}]},{\"@type\":\"ImageObject\",\"inLanguage\":\"en-US\",\"@id\":\"https:\\\/\\\/peinturespms.com\\\/portes-et-fenetres-produits-pour-le-pvc\\\/#primaryimage\",\"url\":\"http:\\\/\\\/peinturespms.com\\\/wp-content\\\/uploads\\\/2018\\\/10\\\/icon-pistolet.png\",\"contentUrl\":\"http:\\\/\\\/peinturespms.com\\\/wp-content\\\/uploads\\\/2018\\\/10\\\/icon-pistolet.png\"},{\"@type\":\"BreadcrumbList\",\"@id\":\"https:\\\/\\\/peinturespms.com\\\/portes-et-fenetres-produits-pour-le-pvc\\\/#breadcrumb\",\"itemListElement\":[{\"@type\":\"ListItem\",\"position\":1,\"name\":\"Accueil\",\"item\":\"https:\\\/\\\/peinturespms.com\\\/en\\\/\"},{\"@type\":\"ListItem\",\"position\":2,\"name\":\"Windows &#038; Doors PVC products\"}]},{\"@type\":\"WebSite\",\"@id\":\"https:\\\/\\\/peinturespms.com\\\/#website\",\"url\":\"https:\\\/\\\/peinturespms.com\\\/\",\"name\":\"Peinture PMS\",\"description\":\"Peintures PMS, leader en peintures industrielles \u00e0 Qu\u00e9bec.\",\"potentialAction\":[{\"@type\":\"SearchAction\",\"target\":{\"@type\":\"EntryPoint\",\"urlTemplate\":\"https:\\\/\\\/peinturespms.com\\\/?s={search_term_string}\"},\"query-input\":{\"@type\":\"PropertyValueSpecification\",\"valueRequired\":true,\"valueName\":\"search_term_string\"}}],\"inLanguage\":\"en-US\"}]}<\/script>\n<!-- \/ Yoast SEO plugin. -->","yoast_head_json":{"title":"Windows & Doors PVC products - Peinture PMS","description":"Windows & Doors PVC products availabel at Peintures PMS in Quebec.","robots":{"index":"index","follow":"follow","max-snippet":"max-snippet:-1","max-image-preview":"max-image-preview:large","max-video-preview":"max-video-preview:-1"},"canonical":"https:\/\/peinturespms.com\/portes-et-fenetres-produits-pour-le-pvc\/","og_locale":"en_US","og_type":"article","og_title":"Windows & Doors PVC products - Peinture PMS","og_description":"Windows & Doors PVC products availabel at Peintures PMS in Quebec.","og_url":"https:\/\/peinturespms.com\/portes-et-fenetres-produits-pour-le-pvc\/","og_site_name":"Peinture PMS","article_modified_time":"2019-05-05T20:20:40+00:00","og_image":[{"url":"http:\/\/peinturespms.com\/wp-content\/uploads\/2018\/10\/icon-pistolet.png","type":"","width":"","height":""}],"twitter_card":"summary_large_image","twitter_misc":{"Est. reading time":"4 minutes"},"schema":{"@context":"https:\/\/schema.org","@graph":[{"@type":"WebPage","@id":"https:\/\/peinturespms.com\/portes-et-fenetres-produits-pour-le-pvc\/","url":"https:\/\/peinturespms.com\/portes-et-fenetres-produits-pour-le-pvc\/","name":"Windows & Doors PVC products - Peinture PMS","isPartOf":{"@id":"https:\/\/peinturespms.com\/#website"},"primaryImageOfPage":{"@id":"https:\/\/peinturespms.com\/portes-et-fenetres-produits-pour-le-pvc\/#primaryimage"},"image":{"@id":"https:\/\/peinturespms.com\/portes-et-fenetres-produits-pour-le-pvc\/#primaryimage"},"thumbnailUrl":"http:\/\/peinturespms.com\/wp-content\/uploads\/2018\/10\/icon-pistolet.png","datePublished":"2018-10-14T22:19:21+00:00","dateModified":"2019-05-05T20:20:40+00:00","description":"Windows & Doors PVC products availabel at Peintures PMS in Quebec.","breadcrumb":{"@id":"https:\/\/peinturespms.com\/portes-et-fenetres-produits-pour-le-pvc\/#breadcrumb"},"inLanguage":"en-US","potentialAction":[{"@type":"ReadAction","target":["https:\/\/peinturespms.com\/portes-et-fenetres-produits-pour-le-pvc\/"]}]},{"@type":"ImageObject","inLanguage":"en-US","@id":"https:\/\/peinturespms.com\/portes-et-fenetres-produits-pour-le-pvc\/#primaryimage","url":"http:\/\/peinturespms.com\/wp-content\/uploads\/2018\/10\/icon-pistolet.png","contentUrl":"http:\/\/peinturespms.com\/wp-content\/uploads\/2018\/10\/icon-pistolet.png"},{"@type":"BreadcrumbList","@id":"https:\/\/peinturespms.com\/portes-et-fenetres-produits-pour-le-pvc\/#breadcrumb","itemListElement":[{"@type":"ListItem","position":1,"name":"Accueil","item":"https:\/\/peinturespms.com\/en\/"},{"@type":"ListItem","position":2,"name":"Windows &#038; Doors PVC products"}]},{"@type":"WebSite","@id":"https:\/\/peinturespms.com\/#website","url":"https:\/\/peinturespms.com\/","name":"Peinture PMS","description":"Peintures PMS, leader en peintures industrielles \u00e0 Qu\u00e9bec.","potentialAction":[{"@type":"SearchAction","target":{"@type":"EntryPoint","urlTemplate":"https:\/\/peinturespms.com\/?s={search_term_string}"},"query-input":{"@type":"PropertyValueSpecification","valueRequired":true,"valueName":"search_term_string"}}],"inLanguage":"en-US"}]}},"_links":{"self":[{"href":"https:\/\/peinturespms.com\/en\/wp-json\/wp\/v2\/pages\/12879","targetHints":{"allow":["GET"]}}],"collection":[{"href":"https:\/\/peinturespms.com\/en\/wp-json\/wp\/v2\/pages"}],"about":[{"href":"https:\/\/peinturespms.com\/en\/wp-json\/wp\/v2\/types\/page"}],"author":[{"embeddable":true,"href":"https:\/\/peinturespms.com\/en\/wp-json\/wp\/v2\/users\/6669"}],"replies":[{"embeddable":true,"href":"https:\/\/peinturespms.com\/en\/wp-json\/wp\/v2\/comments?post=12879"}],"version-history":[{"count":5,"href":"https:\/\/peinturespms.com\/en\/wp-json\/wp\/v2\/pages\/12879\/revisions"}],"predecessor-version":[{"id":12883,"href":"https:\/\/peinturespms.com\/en\/wp-json\/wp\/v2\/pages\/12879\/revisions\/12883"}],"wp:attachment":[{"href":"https:\/\/peinturespms.com\/en\/wp-json\/wp\/v2\/media?parent=12879"}],"curies":[{"name":"wp","href":"https:\/\/api.w.org\/{rel}","templated":true}]}}